{"id":3,"date":"2026-02-26T14:03:09","date_gmt":"2026-02-26T14:03:09","guid":{"rendered":"https:\/\/dakarhorizontravel.com\/?page_id=3"},"modified":"2026-04-20T10:00:49","modified_gmt":"2026-04-20T10:00:49","slug":"privacy-policy","status":"publish","type":"page","link":"https:\/\/dakarhorizontravel.com\/en\/privacy-policy\/","title":{"rendered":"Privacy Policy"},"content":{"rendered":"\t\t<div data-elementor-type=\"wp-page\" data-elementor-id=\"3\" class=\"elementor elementor-3\">\n\t\t\t\t<div class=\"elementor-element elementor-element-8a79342 e-flex e-con-boxed e-con e-parent\" data-id=\"8a79342\" data-element_type=\"container\" data-e-type=\"container\">\n\t\t\t\t\t<div class=\"e-con-inner\">\n\t\t<div class=\"elementor-element elementor-element-6f9c58c e-con-full e-flex e-con e-child\" data-id=\"6f9c58c\" data-element_type=\"container\" data-e-type=\"container\">\n\t\t\t\t<div class=\"elementor-element elementor-element-377c167 elementor-widget elementor-widget-heading\" data-id=\"377c167\" data-element_type=\"widget\" data-e-type=\"widget\" data-widget_type=\"heading.default\">\n\t\t\t\t\t<h2 class=\"elementor-heading-title elementor-size-default\">Politique de confidentialit\u00e9<\/h2>\t\t\t\t<\/div>\n\t\t\t\t<div class=\"elementor-element elementor-element-2b24d58 elementor-widget elementor-widget-text-editor\" data-id=\"2b24d58\" data-element_type=\"widget\" data-e-type=\"widget\" data-widget_type=\"text-editor.default\">\n\t\t\t\t\t\t\t\t\t<p><span style=\"font-weight: 400;\">DAKAR HORIZON TRAVEL (\u00ab nous \u00bb, \u00ab notre \u00bb, \u00ab nos \u00bb) s\u2019engage \u00e0 prot\u00e9ger votre vie priv\u00e9e et \u00e0 assurer la transparence dans la gestion de vos donn\u00e9es personnelles. Cette Politique de Confidentialit\u00e9 explique comment nous collectons, utilisons, divulguons et prot\u00e9geons vos informations lorsque vous visitez notre site web [<\/span><a href=\"https:\/\/dakarhorizontravel.com\/\"><span style=\"font-weight: 400;\">dakarhorizontravel.com<\/span><\/a><span style=\"font-weight: 400;\">] ou utilisez nos services li\u00e9s au voyage.<\/span><\/p><p><span style=\"font-weight: 400;\">En utilisant notre site web ou nos services, vous acceptez les termes de cette Politique de Confidentialit\u00e9.<\/span><\/p>\t\t\t\t\t\t\t\t<\/div>\n\t\t\t\t<\/div>\n\t\t<div class=\"elementor-element elementor-element-625d33d e-con-full e-flex e-con e-child\" data-id=\"625d33d\" data-element_type=\"container\" data-e-type=\"container\">\n\t\t\t\t<div class=\"elementor-element elementor-element-6c70de0 elementor-widget elementor-widget-heading\" data-id=\"6c70de0\" data-element_type=\"widget\" data-e-type=\"widget\" data-widget_type=\"heading.default\">\n\t\t\t\t\t<h3 class=\"elementor-heading-title elementor-size-default\">1. Informations que Nous Collectons<\/h3>\t\t\t\t<\/div>\n\t\t\t\t<\/div>\n\t\t<div class=\"elementor-element elementor-element-f8c1a75 e-con-full e-flex e-con e-child\" data-id=\"f8c1a75\" data-element_type=\"container\" data-e-type=\"container\">\n\t\t\t\t<div class=\"elementor-element elementor-element-246f0c2 elementor-widget elementor-widget-heading\" data-id=\"246f0c2\" data-element_type=\"widget\" data-e-type=\"widget\" data-widget_type=\"heading.default\">\n\t\t\t\t\t<p class=\"elementor-heading-title elementor-size-default\">1.1 Informations Personnelles<\/p>\t\t\t\t<\/div>\n\t\t\t\t<div class=\"elementor-element elementor-element-db8d295 elementor-widget elementor-widget-text-editor\" data-id=\"db8d295\" data-element_type=\"widget\" data-e-type=\"widget\" data-widget_type=\"text-editor.default\">\n\t\t\t\t\t\t\t\t\t<p><span style=\"font-weight: 400;\">Nous pouvons collecter les donn\u00e9es personnelles suivantes :<\/span><\/p><ul><li><span style=\"font-weight: 400;\">Nom complet<\/span><\/li><li><span style=\"font-weight: 400;\">Adresse email<\/span><\/li><li><span style=\"font-weight: 400;\">Num\u00e9ro de t\u00e9l\u00e9phone<\/span><\/li><li><span style=\"font-weight: 400;\">Adresse postale<\/span><\/li><li><span style=\"font-weight: 400;\">D\u00e9tails de paiement (carte de cr\u00e9dit\/d\u00e9bit, adresse de facturation)<\/span><\/li><li><span style=\"font-weight: 400;\">Informations de passeport et de visa<\/span><\/li><li><span style=\"font-weight: 400;\">Pr\u00e9f\u00e9rences de voyage, historique de r\u00e9servation et demandes sp\u00e9ciales<\/span><\/li><\/ul>\t\t\t\t\t\t\t\t<\/div>\n\t\t\t\t<\/div>\n\t\t<div class=\"elementor-element elementor-element-343b8af e-con-full e-flex e-con e-child\" data-id=\"343b8af\" data-element_type=\"container\" data-e-type=\"container\">\n\t\t\t\t<div class=\"elementor-element elementor-element-6186157 elementor-widget elementor-widget-heading\" data-id=\"6186157\" data-element_type=\"widget\" data-e-type=\"widget\" data-widget_type=\"heading.default\">\n\t\t\t\t\t<p class=\"elementor-heading-title elementor-size-default\">1.2 Informations Non Personnelles<\/p>\t\t\t\t<\/div>\n\t\t\t\t<div class=\"elementor-element elementor-element-966dbaa elementor-widget elementor-widget-text-editor\" data-id=\"966dbaa\" data-element_type=\"widget\" data-e-type=\"widget\" data-widget_type=\"text-editor.default\">\n\t\t\t\t\t\t\t\t\t<p><span style=\"font-weight: 400;\">Nous collectons automatiquement :<\/span><\/p><ul><li><span style=\"font-weight: 400;\">Type et version du navigateur<\/span><\/li><li><span style=\"font-weight: 400;\">Type d\u2019appareil et syst\u00e8me d\u2019exploitation<\/span><\/li><li><span style=\"font-weight: 400;\">Adresse IP et localisation approximative<\/span><\/li><li><span style=\"font-weight: 400;\">Donn\u00e9es d\u2019utilisation du site (pages visit\u00e9es, dur\u00e9e, clics)<\/span><\/li><li><span style=\"font-weight: 400;\">Cookies et technologies de suivi<\/span><\/li><\/ul>\t\t\t\t\t\t\t\t<\/div>\n\t\t\t\t<\/div>\n\t\t<div class=\"elementor-element elementor-element-0556546 e-con-full e-flex e-con e-child\" data-id=\"0556546\" data-element_type=\"container\" data-e-type=\"container\">\n\t\t\t\t<div class=\"elementor-element elementor-element-c9dc37e elementor-widget elementor-widget-heading\" data-id=\"c9dc37e\" data-element_type=\"widget\" data-e-type=\"widget\" data-widget_type=\"heading.default\">\n\t\t\t\t\t<h3 class=\"elementor-heading-title elementor-size-default\">2. Comment Nous Utilisons Vos Informations<\/h3>\t\t\t\t<\/div>\n\t\t\t\t<\/div>\n\t\t<div class=\"elementor-element elementor-element-077c8a3 e-con-full e-flex e-con e-child\" data-id=\"077c8a3\" data-element_type=\"container\" data-e-type=\"container\">\n\t\t\t\t<div class=\"elementor-element elementor-element-fc98f8f elementor-widget elementor-widget-heading\" data-id=\"fc98f8f\" data-element_type=\"widget\" data-e-type=\"widget\" data-widget_type=\"heading.default\">\n\t\t\t\t\t<p class=\"elementor-heading-title elementor-size-default\">2.1 Fourniture de Services<\/p>\t\t\t\t<\/div>\n\t\t\t\t<div class=\"elementor-element elementor-element-937d8cb elementor-widget elementor-widget-text-editor\" data-id=\"937d8cb\" data-element_type=\"widget\" data-e-type=\"widget\" data-widget_type=\"text-editor.default\">\n\t\t\t\t\t\t\t\t\t<ul><li><span style=\"font-weight: 400;\">Traiter les r\u00e9servations<\/span><\/li><li><span style=\"font-weight: 400;\">G\u00e9rer les paiements, annulations et remboursements<\/span><\/li><li><span style=\"font-weight: 400;\">Fournir un support client et une assistance voyage<\/span><\/li><\/ul>\t\t\t\t\t\t\t\t<\/div>\n\t\t\t\t<\/div>\n\t\t<div class=\"elementor-element elementor-element-059ccbf e-con-full e-flex e-con e-child\" data-id=\"059ccbf\" data-element_type=\"container\" data-e-type=\"container\">\n\t\t\t\t<div class=\"elementor-element elementor-element-c65b3f6 elementor-widget elementor-widget-heading\" data-id=\"c65b3f6\" data-element_type=\"widget\" data-e-type=\"widget\" data-widget_type=\"heading.default\">\n\t\t\t\t\t<p class=\"elementor-heading-title elementor-size-default\">2.2 Communication<\/p>\t\t\t\t<\/div>\n\t\t\t\t<div class=\"elementor-element elementor-element-8f7d116 elementor-widget elementor-widget-text-editor\" data-id=\"8f7d116\" data-element_type=\"widget\" data-e-type=\"widget\" data-widget_type=\"text-editor.default\">\n\t\t\t\t\t\t\t\t\t<ul><li><span style=\"font-weight: 400;\">Envoyer confirmations, itin\u00e9raires et mises \u00e0 jour<\/span><\/li><li><span style=\"font-weight: 400;\">R\u00e9pondre aux demandes et requ\u00eates<\/span><\/li><li><span style=\"font-weight: 400;\">Partager des offres promotionnelles, newsletters et offres de voyage (avec option de d\u00e9sinscription)<\/span><\/li><\/ul>\t\t\t\t\t\t\t\t<\/div>\n\t\t\t\t<\/div>\n\t\t<div class=\"elementor-element elementor-element-90ad75c e-con-full e-flex e-con e-child\" data-id=\"90ad75c\" data-element_type=\"container\" data-e-type=\"container\">\n\t\t\t\t<div class=\"elementor-element elementor-element-04a6990 elementor-widget elementor-widget-heading\" data-id=\"04a6990\" data-element_type=\"widget\" data-e-type=\"widget\" data-widget_type=\"heading.default\">\n\t\t\t\t\t<p class=\"elementor-heading-title elementor-size-default\">2.3 Am\u00e9lioration de l\u2019Entreprise<\/p>\t\t\t\t<\/div>\n\t\t\t\t<div class=\"elementor-element elementor-element-0db1792 elementor-widget elementor-widget-text-editor\" data-id=\"0db1792\" data-element_type=\"widget\" data-e-type=\"widget\" data-widget_type=\"text-editor.default\">\n\t\t\t\t\t\t\t\t\t<ul><li><span style=\"font-weight: 400;\">Analyser les performances du site et le comportement des utilisateurs<\/span><\/li><li><span style=\"font-weight: 400;\">Am\u00e9liorer les services, offres et exp\u00e9rience utilisateur<\/span><\/li><\/ul>\t\t\t\t\t\t\t\t<\/div>\n\t\t\t\t<\/div>\n\t\t<div class=\"elementor-element elementor-element-ad92c24 e-con-full e-flex e-con e-child\" data-id=\"ad92c24\" data-element_type=\"container\" data-e-type=\"container\">\n\t\t\t\t<div class=\"elementor-element elementor-element-54ed8d7 elementor-widget elementor-widget-heading\" data-id=\"54ed8d7\" data-element_type=\"widget\" data-e-type=\"widget\" data-widget_type=\"heading.default\">\n\t\t\t\t\t<p class=\"elementor-heading-title elementor-size-default\">2.4 L\u00e9gal et S\u00e9curit\u00e9<\/p>\t\t\t\t<\/div>\n\t\t\t\t<div class=\"elementor-element elementor-element-f2bf518 elementor-widget elementor-widget-text-editor\" data-id=\"f2bf518\" data-element_type=\"widget\" data-e-type=\"widget\" data-widget_type=\"text-editor.default\">\n\t\t\t\t\t\t\t\t\t<ul><li><span style=\"font-weight: 400;\">Respecter les lois et r\u00e9glementations applicables<\/span><\/li><li><span style=\"font-weight: 400;\">D\u00e9tecter et pr\u00e9venir la fraude ou les abus<\/span><\/li><\/ul>\t\t\t\t\t\t\t\t<\/div>\n\t\t\t\t<\/div>\n\t\t<div class=\"elementor-element elementor-element-e8f2df9 e-con-full e-flex e-con e-child\" data-id=\"e8f2df9\" data-element_type=\"container\" data-e-type=\"container\">\n\t\t\t\t<div class=\"elementor-element elementor-element-5f335b3 elementor-widget elementor-widget-heading\" data-id=\"5f335b3\" data-element_type=\"widget\" data-e-type=\"widget\" data-widget_type=\"heading.default\">\n\t\t\t\t\t<h4 class=\"elementor-heading-title elementor-size-default\">3. Base L\u00e9gale du Traitement (Conformit\u00e9 RGPD)<\/h4>\t\t\t\t<\/div>\n\t\t\t\t<div class=\"elementor-element elementor-element-230ac1a elementor-widget elementor-widget-text-editor\" data-id=\"230ac1a\" data-element_type=\"widget\" data-e-type=\"widget\" data-widget_type=\"text-editor.default\">\n\t\t\t\t\t\t\t\t\t<p><span style=\"font-weight: 400;\">Si vous \u00eates situ\u00e9 dans l\u2019Espace \u00c9conomique Europ\u00e9en (EEE), nous traitons vos donn\u00e9es sur la base de :<\/span><\/p><ul><li><span style=\"font-weight: 400;\">Votre consentement<\/span><\/li><li><span style=\"font-weight: 400;\">L\u2019ex\u00e9cution d\u2019un contrat (ex. : r\u00e9servations)<\/span><\/li><li><span style=\"font-weight: 400;\">Obligations l\u00e9gales<\/span><\/li><li><span style=\"font-weight: 400;\">Int\u00e9r\u00eats l\u00e9gitimes (am\u00e9lioration des services, s\u00e9curit\u00e9)<\/span><\/li><\/ul>\t\t\t\t\t\t\t\t<\/div>\n\t\t\t\t<\/div>\n\t\t<div class=\"elementor-element elementor-element-5174983 e-con-full e-flex e-con e-child\" data-id=\"5174983\" data-element_type=\"container\" data-e-type=\"container\">\n\t\t\t\t<div class=\"elementor-element elementor-element-5867648 elementor-widget elementor-widget-heading\" data-id=\"5867648\" data-element_type=\"widget\" data-e-type=\"widget\" data-widget_type=\"heading.default\">\n\t\t\t\t\t<h4 class=\"elementor-heading-title elementor-size-default\">4. Partage de Vos Informations<\/h4>\t\t\t\t<\/div>\n\t\t\t\t<\/div>\n\t\t<div class=\"elementor-element elementor-element-c3ca1f3 e-con-full e-flex e-con e-child\" data-id=\"c3ca1f3\" data-element_type=\"container\" data-e-type=\"container\">\n\t\t\t\t<div class=\"elementor-element elementor-element-a5b0917 elementor-widget elementor-widget-heading\" data-id=\"a5b0917\" data-element_type=\"widget\" data-e-type=\"widget\" data-widget_type=\"heading.default\">\n\t\t\t\t\t<p class=\"elementor-heading-title elementor-size-default\">4.1 Partenaires de Services<\/p>\t\t\t\t<\/div>\n\t\t\t\t<div class=\"elementor-element elementor-element-3f199cb elementor-widget elementor-widget-text-editor\" data-id=\"3f199cb\" data-element_type=\"widget\" data-e-type=\"widget\" data-widget_type=\"text-editor.default\">\n\t\t\t\t\t\t\t\t\t<p><span style=\"font-weight: 400;\">Nous pouvons partager vos donn\u00e9es avec :<\/span><\/p><ul><li><span style=\"font-weight: 400;\">Compagnies a\u00e9riennes, h\u00f4tels et op\u00e9rateurs touristiques<\/span><\/li><li><span style=\"font-weight: 400;\">Passerelles de paiement et institutions financi\u00e8res<\/span><\/li><li><span style=\"font-weight: 400;\">Fournisseurs IT et support client<\/span><\/li><\/ul>\t\t\t\t\t\t\t\t<\/div>\n\t\t\t\t<\/div>\n\t\t<div class=\"elementor-element elementor-element-767b9d6 e-con-full e-flex e-con e-child\" data-id=\"767b9d6\" data-element_type=\"container\" data-e-type=\"container\">\n\t\t\t\t<div class=\"elementor-element elementor-element-6e573a0 elementor-widget elementor-widget-heading\" data-id=\"6e573a0\" data-element_type=\"widget\" data-e-type=\"widget\" data-widget_type=\"heading.default\">\n\t\t\t\t\t<p class=\"elementor-heading-title elementor-size-default\">4.2 Transferts d\u2019Entreprise<\/p>\t\t\t\t<\/div>\n\t\t\t\t<div class=\"elementor-element elementor-element-c306e9a elementor-widget elementor-widget-text-editor\" data-id=\"c306e9a\" data-element_type=\"widget\" data-e-type=\"widget\" data-widget_type=\"text-editor.default\">\n\t\t\t\t\t\t\t\t\t<p><span style=\"font-weight: 400;\">Vos donn\u00e9es peuvent \u00eatre transf\u00e9r\u00e9es en cas de :<\/span><\/p><ul><li><span style=\"font-weight: 400;\">Fusion ou acquisition<\/span><\/li><li><span style=\"font-weight: 400;\">Restructuration ou vente de l\u2019entreprise<\/span><\/li><\/ul>\t\t\t\t\t\t\t\t<\/div>\n\t\t\t\t<\/div>\n\t\t<div class=\"elementor-element elementor-element-88a5d34 e-con-full e-flex e-con e-child\" data-id=\"88a5d34\" data-element_type=\"container\" data-e-type=\"container\">\n\t\t\t\t<div class=\"elementor-element elementor-element-57f7f47 elementor-widget elementor-widget-heading\" data-id=\"57f7f47\" data-element_type=\"widget\" data-e-type=\"widget\" data-widget_type=\"heading.default\">\n\t\t\t\t\t<p class=\"elementor-heading-title elementor-size-default\">4.3 Divulgation L\u00e9gale<\/p>\t\t\t\t<\/div>\n\t\t\t\t<div class=\"elementor-element elementor-element-49cd2ae elementor-widget elementor-widget-text-editor\" data-id=\"49cd2ae\" data-element_type=\"widget\" data-e-type=\"widget\" data-widget_type=\"text-editor.default\">\n\t\t\t\t\t\t\t\t\t<p><span style=\"font-weight: 400;\">Nous pouvons divulguer vos donn\u00e9es si requis par :<\/span><\/p><ul><li><span style=\"font-weight: 400;\">Les autorit\u00e9s judiciaires<\/span><\/li><li><span style=\"font-weight: 400;\">Les autorit\u00e9s gouvernementales<\/span><\/li><li><span style=\"font-weight: 400;\">Des proc\u00e9dures l\u00e9gales<\/span><\/li><\/ul>\t\t\t\t\t\t\t\t<\/div>\n\t\t\t\t<\/div>\n\t\t<div class=\"elementor-element elementor-element-6e8bf44 e-con-full e-flex e-con e-child\" data-id=\"6e8bf44\" data-element_type=\"container\" data-e-type=\"container\">\n\t\t\t\t<div class=\"elementor-element elementor-element-27064d4 elementor-widget elementor-widget-heading\" data-id=\"27064d4\" data-element_type=\"widget\" data-e-type=\"widget\" data-widget_type=\"heading.default\">\n\t\t\t\t\t<h5 class=\"elementor-heading-title elementor-size-default\">5. Transferts Internationaux de Donn\u00e9es<\/h5>\t\t\t\t<\/div>\n\t\t\t\t<div class=\"elementor-element elementor-element-b34e7be elementor-widget elementor-widget-text-editor\" data-id=\"b34e7be\" data-element_type=\"widget\" data-e-type=\"widget\" data-widget_type=\"text-editor.default\">\n\t\t\t\t\t\t\t\t\t<p><span style=\"font-weight: 400;\">Vos informations peuvent \u00eatre transf\u00e9r\u00e9es et trait\u00e9es en dehors de votre pays, y compris dans des r\u00e9gions ayant des lois de protection des donn\u00e9es diff\u00e9rentes. Nous mettons en place des mesures de protection appropri\u00e9es.<\/span><\/p>\t\t\t\t\t\t\t\t<\/div>\n\t\t\t\t<\/div>\n\t\t<div class=\"elementor-element elementor-element-5230676 e-con-full e-flex e-con e-child\" data-id=\"5230676\" data-element_type=\"container\" data-e-type=\"container\">\n\t\t\t\t<div class=\"elementor-element elementor-element-6c4c86b elementor-widget elementor-widget-heading\" data-id=\"6c4c86b\" data-element_type=\"widget\" data-e-type=\"widget\" data-widget_type=\"heading.default\">\n\t\t\t\t\t<h5 class=\"elementor-heading-title elementor-size-default\">6. S\u00e9curit\u00e9 des Donn\u00e9es<\/h5>\t\t\t\t<\/div>\n\t\t\t\t<div class=\"elementor-element elementor-element-35adb23 elementor-widget elementor-widget-text-editor\" data-id=\"35adb23\" data-element_type=\"widget\" data-e-type=\"widget\" data-widget_type=\"text-editor.default\">\n\t\t\t\t\t\t\t\t\t<p><span style=\"font-weight: 400;\">Nous mettons en \u0153uvre des mesures de s\u00e9curit\u00e9 administratives, techniques et physiques pour prot\u00e9ger vos donn\u00e9es personnelles. Cependant, aucun syst\u00e8me en ligne n\u2019est totalement s\u00e9curis\u00e9.<\/span><\/p>\t\t\t\t\t\t\t\t<\/div>\n\t\t\t\t<\/div>\n\t\t<div class=\"elementor-element elementor-element-6991cb6 e-con-full e-flex e-con e-child\" data-id=\"6991cb6\" data-element_type=\"container\" data-e-type=\"container\">\n\t\t\t\t<div class=\"elementor-element elementor-element-02c6e19 elementor-widget elementor-widget-heading\" data-id=\"02c6e19\" data-element_type=\"widget\" data-e-type=\"widget\" data-widget_type=\"heading.default\">\n\t\t\t\t\t<h5 class=\"elementor-heading-title elementor-size-default\">7. Conservation des Donn\u00e9es<\/h5>\t\t\t\t<\/div>\n\t\t\t\t<div class=\"elementor-element elementor-element-d2ba39a elementor-widget elementor-widget-text-editor\" data-id=\"d2ba39a\" data-element_type=\"widget\" data-e-type=\"widget\" data-widget_type=\"text-editor.default\">\n\t\t\t\t\t\t\t\t\t<p><span style=\"font-weight: 400;\">Nous conservons vos donn\u00e9es personnelles uniquement pendant la dur\u00e9e n\u00e9cessaire pour :<\/span><\/p><ul><li><span style=\"font-weight: 400;\">Fournir nos services<\/span><\/li><li><span style=\"font-weight: 400;\">Respecter les obligations l\u00e9gales et comptables<\/span><\/li><li><span style=\"font-weight: 400;\">R\u00e9soudre les litiges<\/span><\/li><\/ul>\t\t\t\t\t\t\t\t<\/div>\n\t\t\t\t<\/div>\n\t\t<div class=\"elementor-element elementor-element-d62f2fc e-con-full e-flex e-con e-child\" data-id=\"d62f2fc\" data-element_type=\"container\" data-e-type=\"container\">\n\t\t\t\t<div class=\"elementor-element elementor-element-1849f36 elementor-widget elementor-widget-heading\" data-id=\"1849f36\" data-element_type=\"widget\" data-e-type=\"widget\" data-widget_type=\"heading.default\">\n\t\t\t\t\t<h5 class=\"elementor-heading-title elementor-size-default\">8. Vos Droits (RGPD et Protection des Donn\u00e9es)<\/h5>\t\t\t\t<\/div>\n\t\t\t\t<div class=\"elementor-element elementor-element-92efdf5 elementor-widget elementor-widget-text-editor\" data-id=\"92efdf5\" data-element_type=\"widget\" data-e-type=\"widget\" data-widget_type=\"text-editor.default\">\n\t\t\t\t\t\t\t\t\t<p><span style=\"font-weight: 400;\">Vous avez le droit de :<\/span><\/p><ul><li><span style=\"font-weight: 400;\">Acc\u00e9der \u00e0 vos donn\u00e9es personnelles<\/span><\/li><li><span style=\"font-weight: 400;\">Corriger les informations inexactes<\/span><\/li><li><span style=\"font-weight: 400;\">Demander la suppression (\u00ab droit \u00e0 l\u2019oubli \u00bb)<\/span><\/li><li><span style=\"font-weight: 400;\">Limiter ou vous opposer au traitement<\/span><\/li><li><span style=\"font-weight: 400;\">Retirer votre consentement \u00e0 tout moment<\/span><\/li><li><span style=\"font-weight: 400;\">Demander la portabilit\u00e9 des donn\u00e9es<\/span><\/li><\/ul><p>\u00a0<\/p><p><span style=\"font-weight: 400;\">Pour exercer ces droits, contactez :<\/span><span style=\"font-weight: 400;\"><br \/><\/span><span style=\"font-weight: 400;\">marketing@dakarhorizontravel.com<\/span><\/p>\t\t\t\t\t\t\t\t<\/div>\n\t\t\t\t<\/div>\n\t\t<div class=\"elementor-element elementor-element-9b39a2a e-con-full e-flex e-con e-child\" data-id=\"9b39a2a\" data-element_type=\"container\" data-e-type=\"container\">\n\t\t\t\t<div class=\"elementor-element elementor-element-4ab50b2 elementor-widget elementor-widget-heading\" data-id=\"4ab50b2\" data-element_type=\"widget\" data-e-type=\"widget\" data-widget_type=\"heading.default\">\n\t\t\t\t\t<h6 class=\"elementor-heading-title elementor-size-default\">9. Liens Tiers<\/h6>\t\t\t\t<\/div>\n\t\t\t\t<div class=\"elementor-element elementor-element-e662327 elementor-widget elementor-widget-text-editor\" data-id=\"e662327\" data-element_type=\"widget\" data-e-type=\"widget\" data-widget_type=\"text-editor.default\">\n\t\t\t\t\t\t\t\t\t<p><span style=\"font-weight: 400;\">Notre site peut contenir des liens vers des sites externes. Nous ne sommes pas responsables de leurs pratiques de confidentialit\u00e9. Veuillez consulter leurs politiques s\u00e9par\u00e9ment.<\/span><\/p>\t\t\t\t\t\t\t\t<\/div>\n\t\t\t\t<\/div>\n\t\t<div class=\"elementor-element elementor-element-39384e0 e-con-full e-flex e-con e-child\" data-id=\"39384e0\" data-element_type=\"container\" data-e-type=\"container\">\n\t\t\t\t<div class=\"elementor-element elementor-element-bf73d9d elementor-widget elementor-widget-heading\" data-id=\"bf73d9d\" data-element_type=\"widget\" data-e-type=\"widget\" data-widget_type=\"heading.default\">\n\t\t\t\t\t<h6 class=\"elementor-heading-title elementor-size-default\">10. Protection des Enfants<\/h6>\t\t\t\t<\/div>\n\t\t\t\t<div class=\"elementor-element elementor-element-14a47be elementor-widget elementor-widget-text-editor\" data-id=\"14a47be\" data-element_type=\"widget\" data-e-type=\"widget\" data-widget_type=\"text-editor.default\">\n\t\t\t\t\t\t\t\t\t<p><span style=\"font-weight: 400;\">Nos services ne sont pas destin\u00e9s aux personnes de moins de 18 ans. Nous ne collectons pas volontairement de donn\u00e9es concernant les mineurs.<\/span><\/p>\t\t\t\t\t\t\t\t<\/div>\n\t\t\t\t<\/div>\n\t\t<div class=\"elementor-element elementor-element-6ff4a37 e-con-full e-flex e-con e-child\" data-id=\"6ff4a37\" data-element_type=\"container\" data-e-type=\"container\">\n\t\t\t\t<div class=\"elementor-element elementor-element-4742895 elementor-widget elementor-widget-heading\" data-id=\"4742895\" data-element_type=\"widget\" data-e-type=\"widget\" data-widget_type=\"heading.default\">\n\t\t\t\t\t<h6 class=\"elementor-heading-title elementor-size-default\">11. Modifications de Cette Politique<\/h6>\t\t\t\t<\/div>\n\t\t\t\t<div class=\"elementor-element elementor-element-996cab7 elementor-widget elementor-widget-text-editor\" data-id=\"996cab7\" data-element_type=\"widget\" data-e-type=\"widget\" data-widget_type=\"text-editor.default\">\n\t\t\t\t\t\t\t\t\t<p><span style=\"font-weight: 400;\">Nous pouvons mettre \u00e0 jour cette politique p\u00e9riodiquement. Les modifications seront publi\u00e9es sur cette page avec la date mise \u00e0 jour.<\/span><\/p>\t\t\t\t\t\t\t\t<\/div>\n\t\t\t\t<\/div>\n\t\t<div class=\"elementor-element elementor-element-ad1aef2 e-con-full e-flex e-con e-child\" data-id=\"ad1aef2\" data-element_type=\"container\" data-e-type=\"container\">\n\t\t\t\t<div class=\"elementor-element elementor-element-0889c5e elementor-widget elementor-widget-heading\" data-id=\"0889c5e\" data-element_type=\"widget\" data-e-type=\"widget\" data-widget_type=\"heading.default\">\n\t\t\t\t\t<h6 class=\"elementor-heading-title elementor-size-default\">12. Contactez-Nous<\/h6>\t\t\t\t<\/div>\n\t\t\t\t<div class=\"elementor-element elementor-element-7fb92b9 elementor-widget elementor-widget-text-editor\" data-id=\"7fb92b9\" data-element_type=\"widget\" data-e-type=\"widget\" data-widget_type=\"text-editor.default\">\n\t\t\t\t\t\t\t\t\t<p><span style=\"font-weight: 400;\">Si vous avez des questions concernant cette politique, contactez-nous :<\/span><\/p><p><span style=\"font-weight: 400;\">DAKAR HORIZON TRAVEL<\/span><span style=\"font-weight: 400;\"><br \/><\/span><span style=\"font-weight: 400;\">66, Dakar Plateau, Rue du Docteur Th\u00e8se Dakar, S\u00e9n\u00e9gal<\/span><span style=\"font-weight: 400;\"><br \/><\/span><span style=\"font-weight: 400;\">\ud83d\udce7 marketing@dakarhorizontravel.com<\/span><span style=\"font-weight: 400;\"><br \/><\/span><span style=\"font-weight: 400;\">\ud83c\udf10 <\/span><a href=\"https:\/\/dakarhorizontravel.com\/\"><span style=\"font-weight: 400;\">dakarhorizontravel.com<\/span><\/a><\/p>\t\t\t\t\t\t\t\t<\/div>\n\t\t\t\t<\/div>\n\t\t\t\t\t<\/div>\n\t\t\t\t<\/div>\n\t\t\t\t<\/div>\n\t\t","protected":false},"excerpt":{"rendered":"<p>Politique de confidentialit\u00e9 DAKAR HORIZON TRAVEL (\u00ab nous \u00bb, \u00ab notre \u00bb, \u00ab nos \u00bb) s\u2019engage \u00e0 prot\u00e9ger votre vie priv\u00e9e et \u00e0 assurer la transparence dans la gestion de vos donn\u00e9es personnelles. Cette Politique de Confidentialit\u00e9 explique comment nous collectons, utilisons, divulguons et prot\u00e9geons vos informations lorsque vous visitez notre site web [dakarhorizontravel.com] ou [&hellip;]<\/p>\n","protected":false},"author":1,"featured_media":0,"parent":0,"menu_order":0,"comment_status":"closed","ping_status":"open","template":"elementor_header_footer","meta":{"footnotes":""},"class_list":["post-3","page","type-page","status-publish","hentry"],"_hostinger_reach_plugin_has_subscription_block":false,"_hostinger_reach_plugin_is_elementor":false,"_links":{"self":[{"href":"https:\/\/dakarhorizontravel.com\/en\/wp-json\/wp\/v2\/pages\/3","targetHints":{"allow":["GET"]}}],"collection":[{"href":"https:\/\/dakarhorizontravel.com\/en\/wp-json\/wp\/v2\/pages"}],"about":[{"href":"https:\/\/dakarhorizontravel.com\/en\/wp-json\/wp\/v2\/types\/page"}],"author":[{"embeddable":true,"href":"https:\/\/dakarhorizontravel.com\/en\/wp-json\/wp\/v2\/users\/1"}],"replies":[{"embeddable":true,"href":"https:\/\/dakarhorizontravel.com\/en\/wp-json\/wp\/v2\/comments?post=3"}],"version-history":[{"count":13,"href":"https:\/\/dakarhorizontravel.com\/en\/wp-json\/wp\/v2\/pages\/3\/revisions"}],"predecessor-version":[{"id":578,"href":"https:\/\/dakarhorizontravel.com\/en\/wp-json\/wp\/v2\/pages\/3\/revisions\/578"}],"wp:attachment":[{"href":"https:\/\/dakarhorizontravel.com\/en\/wp-json\/wp\/v2\/media?parent=3"}],"curies":[{"name":"wp","href":"https:\/\/api.w.org\/{rel}","templated":true}]}}